{"id":31690,"date":"2020-12-04T16:46:21","date_gmt":"2020-12-04T19:46:21","guid":{"rendered":"https:\/\/academia.fiduc.com.br\/?page_id=31690"},"modified":"2021-10-29T10:53:11","modified_gmt":"2021-10-29T13:53:11","slug":"dartmouth","status":"publish","type":"page","link":"https:\/\/academia.fiduc.com.br\/?page_id=31690","title":{"rendered":"Dartmouth"},"content":{"rendered":"\t\t<div data-elementor-type=\"wp-page\" data-elementor-id=\"31690\" class=\"elementor elementor-31690\">\n\t\t\t\t<section class=\"elementor-section elementor-top-section elementor-element elementor-element-7413cb02 elementor-section-boxed elementor-section-height-default elementor-section-height-default\" data-id=\"7413cb02\" data-element_type=\"section\">\n\t\t\t\t\t\t<div class=\"elementor-container elementor-column-gap-default\">\n\t\t\t\t\t<div class=\"elementor-column elementor-col-100 elementor-top-column elementor-element elementor-element-4720b251\" data-id=\"4720b251\" data-element_type=\"column\">\n\t\t\t<div class=\"elementor-widget-wrap elementor-element-populated\">\n\t\t\t\t\t\t<div class=\"elementor-element elementor-element-1b67389a elementor-widget elementor-widget-text-editor\" data-id=\"1b67389a\" data-element_type=\"widget\" data-widget_type=\"text-editor.default\">\n\t\t\t\t<div class=\"elementor-widget-container\"><figure class=\"wp-block-embed is-type-video is-provider-vimeo wp-block-embed-vimeo wp-embed-aspect-16-9 wp-has-aspect-ratio\">\n<div class=\"wp-block-embed__wrapper\">\u00a0<\/div>\n<div>\n<p><\/p>\n<\/div>\n<\/figure><div class=\"wp-block-file\"><a href=\"https:\/\/academia.fiduc.com.br\/wp-content\/uploads\/2020\/11\/XPTO-2-Inc.-2019-Relato\u0301rios-Financeiros.pdf\" target=\"_blank\" rel=\"noreferrer noopener\">XPTO-2-Inc.-2019-Relato\u0301rios-Financeiros<\/a><\/div><div class=\"wp-block-file\"><a href=\"https:\/\/academia.fiduc.com.br\/wp-content\/uploads\/2020\/11\/Questionario-para-Servic\u0327os-Contabeis_Dartmouth_v2020-09.pdf\" target=\"_blank\" rel=\"noreferrer noopener\">Questionario-para-Servic\u0327os-Contabeis_Dartmouth_v2020-09<\/a><\/div><div class=\"wp-block-file\"><a href=\"https:\/\/academia.fiduc.com.br\/wp-content\/uploads\/2020\/11\/Questionario-para-Servic\u0327os-Contabeis_Dartmouth_LLC-and-US-Tax-Compliance_updated_v2020-09_updated-2020-10-21.pdf\" target=\"_blank\" rel=\"noreferrer noopener\">Questionario-para-Servic\u0327os-Contabeis_Dartmouth_LLC-and-US-Tax-Compliance_updated_v2020-09_updated-2020-10-21<\/a><\/div><div class=\"wp-block-file\"><a href=\"https:\/\/academia.fiduc.com.br\/wp-content\/uploads\/2020\/11\/KYC-Dartmouth-Form_2020.pdf\" target=\"_blank\" rel=\"noreferrer noopener\">KYC-Dartmouth-Form_2020<\/a><\/div><div class=\"wp-block-file\"><a href=\"https:\/\/academia.fiduc.com.br\/wp-content\/uploads\/2020\/11\/Dartmouth-Investimento-Exterior_October-2020.ppt\" target=\"_blank\" rel=\"noreferrer noopener\">Dartmouth-Investimento-Exterior_October-2020<\/a><\/div><div class=\"wp-block-file\"><a href=\"https:\/\/academia.fiduc.com.br\/wp-content\/uploads\/2020\/11\/Corporate-Secretarial-Services-Agreement_ING_POT_2020.pdf\" target=\"_blank\" rel=\"noreferrer noopener\">Corporate-Secretarial-Services-Agreement_ING_POT_2020<\/a><\/div><div class=\"wp-block-file\"><a href=\"https:\/\/academia.fiduc.com.br\/wp-content\/uploads\/2020\/11\/Business-Activity-Confirmation-Form_v2020.pdf\" target=\"_blank\" rel=\"noreferrer noopener\">Business-Activity-Confirmation-Form_v2020<\/a><\/div><div class=\"wp-block-file\"><a href=\"https:\/\/academia.fiduc.com.br\/wp-content\/uploads\/2020\/11\/Cardapio-de-Servic\u0327os_Description-Services.pdf\" target=\"_blank\" rel=\"noreferrer noopener\">Cardapio-de-Servic\u0327os_Description-Services<\/a><\/div><figure class=\"wp-block-embed is-type-video is-provider-youtube wp-block-embed-youtube wp-embed-aspect-16-9 wp-has-aspect-ratio\">\n<div class=\"wp-block-embed__wrapper\">\u00a0<\/div>\n<div>\n<p><\/p>\n<\/div>\n<\/figure><div class=\"wp-block-file\"><a href=\"https:\/\/academia.fiduc.com.br\/wp-content\/uploads\/2021\/04\/Apresentac\u0327a\u0303o-Sucessa\u0303o-BVI-20216.pdf\" target=\"_blank\" rel=\"noreferrer noopener\">Apresentac\u0327a\u0303o Sucessa\u0303o BVI 2021[6]<\/a><\/div><figure class=\"wp-block-embed is-type-video is-provider-vimeo wp-block-embed-vimeo wp-embed-aspect-16-9 wp-has-aspect-ratio\">\n<div class=\"wp-block-embed__wrapper\">\u00a0<\/div>\n<div>\n<p><\/p>\n<\/div>\n<\/figure><div class=\"wp-block-file\"><a href=\"https:\/\/academia.fiduc.com.br\/wp-content\/uploads\/2021\/07\/Basic-Concepts-of-Taxation-for-Non-US-Persons_portugues.pdf\" target=\"_blank\" rel=\"noreferrer noopener\">Basic Concepts of Taxation for Non US Persons_portugues<\/a><\/div><p>\u00a0<\/p>\n<p><\/p>\n<p><a href=\"https:\/\/academia.fiduc.com.br\/wp-content\/uploads\/2021\/10\/Questionario-para-Servicos-Contabeis_Dartmouth_LLC-and-US-Tax-Compliance_-2021-01-20.pdf\">Questionario para Servi\u00e7os Contabeis_Dartmouth_LLC<\/a><\/p>\n<p><a href=\"https:\/\/academia.fiduc.com.br\/wp-content\/uploads\/2021\/10\/Questionario-para-Servicos-Contabeis_Dartmouth_AGREEMENT.pdf\">Questionario para Servi\u00e7os Contabeis_Dartmouth_AGREEMENT<\/a><\/p>\n<p><a href=\"https:\/\/academia.fiduc.com.br\/wp-content\/uploads\/2021\/10\/Netherlands_Portuguese.pdf\">Netherlands_Portuguese<\/a><\/p>\n<p><a href=\"https:\/\/academia.fiduc.com.br\/wp-content\/uploads\/2021\/10\/KYC-Dartmouth-Form_2021.pdf\">KYC Dartmouth Form_2021<\/a><\/p>\n<p><a href=\"https:\/\/academia.fiduc.com.br\/wp-content\/uploads\/2021\/10\/FS-2020-XPTO-LTD-for-clients.pdf\">FS 2020 XPTO LTD &#8211; for clients<\/a><\/p>\n<p><a href=\"https:\/\/academia.fiduc.com.br\/wp-content\/uploads\/2021\/10\/Dartmouth-Due-Diligence-Requirements_2020.pdf\">Dartmouth Due Diligence Requirements_2020<\/a><\/p>\n<p><a href=\"https:\/\/academia.fiduc.com.br\/wp-content\/uploads\/2021\/10\/Dartmouth-at-a-Glance.pdf\">Dartmouth at a Glance<\/a><\/p>\n<p><a href=\"https:\/\/academia.fiduc.com.br\/wp-content\/uploads\/2021\/10\/Corporate-Secretarial-Services-Agreement_ING_POT_2021.pdf\">Corporate Secretarial Services Agreement_ING_POT_2021<\/a><\/p>\n<p><a href=\"https:\/\/academia.fiduc.com.br\/wp-content\/uploads\/2021\/10\/Confirmation-Form_BVI-Single-Class_2020_menor.pdf\">Confirmation Form_BVI &#8211; Single Class_2020_menor<\/a><\/p>\n<p><a href=\"https:\/\/academia.fiduc.com.br\/wp-content\/uploads\/2021\/10\/Confirmation-Form-USA-DELAWARE-LLC_2021.pdf\">Confirmation Form USA-DELAWARE LLC_2021<\/a><\/p>\n<p><a href=\"https:\/\/academia.fiduc.com.br\/wp-content\/uploads\/2021\/10\/Apresentacao-Sucessao-BVI-2021-07.pdf\">Apresenta\u00e7\u00e3o Sucess\u00e3o BVI 2021 07<\/a><\/p>\n<p>\u00a0<\/p>\n<p>Dados de contato do parceiro:<\/p><p>Fernanda Tamiozzo<br \/>e-mail: fernanda.tamiozzo@scfnbr.com<br \/>Av. Cidade Jardim, 400 &#8211; 13\u00ba andar &#8211; conjunto 134<br \/>Jd. Europa &#8211; S\u00e3o Paulo\/SP<br \/>CEP 01454-000<br \/>Tel.: +55(11) 3032 4445 ramal 106<\/p><\/div>\n\t\t\t\t<\/div>\n\t\t\t\t\t<\/div>\n\t\t<\/div>\n\t\t\t\t\t<\/div>\n\t\t<\/section>\t\t<\/div>\n\t\t","protected":false},"excerpt":{"rendered":"","protected":false},"author":9,"featured_media":0,"parent":0,"menu_order":0,"comment_status":"closed","ping_status":"closed","template":"","meta":{"_uag_custom_page_level_css":"","site-sidebar-layout":"default","site-content-layout":"default","ast-site-content-layout":"","site-content-style":"default","site-sidebar-style":"default","ast-global-header-display":"","ast-banner-title-visibility":"","ast-main-header-display":"","ast-hfb-above-header-display":"","ast-hfb-below-header-display":"","ast-hfb-mobile-header-display":"","site-post-title":"","ast-breadcrumbs-content":"","ast-featured-img":"","footer-sml-layout":"","theme-transparent-header-meta":"default","adv-header-id-meta":"","stick-header-meta":"","header-above-stick-meta":"","header-main-stick-meta":"","header-below-stick-meta":"","astra-migrate-meta-layouts":"default","ast-page-background-enabled":"default","ast-page-background-meta":{"desktop":{"background-color":"","background-image":"","background-repeat":"repeat","background-position":"center center","background-size":"auto","background-attachment":"scroll","background-type":"","background-media":"","overlay-type":"","overlay-color":"","overlay-opacity":"","overlay-gradient":""},"tablet":{"background-color":"","background-image":"","background-repeat":"repeat","background-position":"center center","background-size":"auto","background-attachment":"scroll","background-type":"","background-media":"","overlay-type":"","overlay-color":"","overlay-opacity":"","overlay-gradient":""},"mobile":{"background-color":"","background-image":"","background-repeat":"repeat","background-position":"center center","background-size":"auto","background-attachment":"scroll","background-type":"","background-media":"","overlay-type":"","overlay-color":"","overlay-opacity":"","overlay-gradient":""}},"ast-content-background-meta":{"desktop":{"background-color":"var(--ast-global-color-5)","background-image":"","background-repeat":"repeat","background-position":"center center","background-size":"auto","background-attachment":"scroll","background-type":"","background-media":"","overlay-type":"","overlay-color":"","overlay-opacity":"","overlay-gradient":""},"tablet":{"background-color":"var(--ast-global-color-5)","background-image":"","background-repeat":"repeat","background-position":"center center","background-size":"auto","background-attachment":"scroll","background-type":"","background-media":"","overlay-type":"","overlay-color":"","overlay-opacity":"","overlay-gradient":""},"mobile":{"background-color":"var(--ast-global-color-5)","background-image":"","background-repeat":"repeat","background-position":"center center","background-size":"auto","background-attachment":"scroll","background-type":"","background-media":"","overlay-type":"","overlay-color":"","overlay-opacity":"","overlay-gradient":""}},"footnotes":""},"class_list":["post-31690","page","type-page","status-publish","hentry"],"uagb_featured_image_src":{"full":false,"thumbnail":false,"medium":false,"medium_large":false,"large":false,"1536x1536":false,"2048x2048":false,"woocommerce_thumbnail":false,"woocommerce_single":false,"woocommerce_gallery_thumbnail":false},"uagb_author_info":{"display_name":"Valter Police","author_link":"https:\/\/academia.fiduc.com.br\/?author=9"},"uagb_comment_info":0,"uagb_excerpt":null,"_links":{"self":[{"href":"https:\/\/academia.fiduc.com.br\/index.php?rest_route=\/wp\/v2\/pages\/31690","targetHints":{"allow":["GET"]}}],"collection":[{"href":"https:\/\/academia.fiduc.com.br\/index.php?rest_route=\/wp\/v2\/pages"}],"about":[{"href":"https:\/\/academia.fiduc.com.br\/index.php?rest_route=\/wp\/v2\/types\/page"}],"author":[{"embeddable":true,"href":"https:\/\/academia.fiduc.com.br\/index.php?rest_route=\/wp\/v2\/users\/9"}],"replies":[{"embeddable":true,"href":"https:\/\/academia.fiduc.com.br\/index.php?rest_route=%2Fwp%2Fv2%2Fcomments&post=31690"}],"version-history":[{"count":13,"href":"https:\/\/academia.fiduc.com.br\/index.php?rest_route=\/wp\/v2\/pages\/31690\/revisions"}],"predecessor-version":[{"id":34796,"href":"https:\/\/academia.fiduc.com.br\/index.php?rest_route=\/wp\/v2\/pages\/31690\/revisions\/34796"}],"wp:attachment":[{"href":"https:\/\/academia.fiduc.com.br\/index.php?rest_route=%2Fwp%2Fv2%2Fmedia&parent=31690"}],"curies":[{"name":"wp","href":"https:\/\/api.w.org\/{rel}","templated":true}]}}